{"id":1325,"date":"2024-03-16T17:00:11","date_gmt":"2024-03-16T17:00:11","guid":{"rendered":"http:\/\/energoterm.konin24.pl\/blog\/?page_id=1325"},"modified":"2024-03-19T20:02:49","modified_gmt":"2024-03-19T20:02:49","slug":"klimatyzacja-2","status":"publish","type":"page","link":"https:\/\/energoterm.konin24.pl\/blog\/klimatyzacja-2\/","title":{"rendered":"Klimatyzacja"},"content":{"rendered":"\t\t<div data-elementor-type=\"wp-page\" data-elementor-id=\"1325\" class=\"elementor elementor-1325\">\n\t\t\t\t<div class=\"elementor-element elementor-element-0b56d75 e-flex e-con-boxed e-con e-parent\" data-id=\"0b56d75\" data-element_type=\"container\" data-settings=\"{&quot;background_background&quot;:&quot;slideshow&quot;,&quot;background_slideshow_gallery&quot;:[{&quot;id&quot;:977,&quot;url&quot;:&quot;http:\\\/\\\/energoterm.konin24.pl\\\/blog\\\/wp-content\\\/uploads\\\/2024\\\/03\\\/AdobeStock_672787292-scaled.jpeg&quot;}],&quot;background_slideshow_loop&quot;:&quot;yes&quot;,&quot;background_slideshow_slide_duration&quot;:5000,&quot;background_slideshow_slide_transition&quot;:&quot;fade&quot;,&quot;background_slideshow_transition_duration&quot;:500}\">\n\t\t\t\t\t<div class=\"e-con-inner\">\n\t\t\t\t\t<\/div>\n\t\t\t\t<\/div>\n\t\t<div class=\"elementor-element elementor-element-d4dc1c3 e-flex e-con-boxed e-con e-parent\" data-id=\"d4dc1c3\" data-element_type=\"container\">\n\t\t\t\t\t<div class=\"e-con-inner\">\n\t\t\t\t<div class=\"elementor-element elementor-element-950cc64 elementor-widget elementor-widget-heading\" data-id=\"950cc64\" data-element_type=\"widget\" data-widget_type=\"heading.default\">\n\t\t\t\t<div class=\"elementor-widget-container\">\n\t\t\t<style>\/*! elementor - v3.22.0 - 24-06-2024 *\/\n.elementor-heading-title{padding:0;margin:0;line-height:1}.elementor-widget-heading .elementor-heading-title[class*=elementor-size-]>a{color:inherit;font-size:inherit;line-height:inherit}.elementor-widget-heading .elementor-heading-title.elementor-size-small{font-size:15px}.elementor-widget-heading .elementor-heading-title.elementor-size-medium{font-size:19px}.elementor-widget-heading .elementor-heading-title.elementor-size-large{font-size:29px}.elementor-widget-heading .elementor-heading-title.elementor-size-xl{font-size:39px}.elementor-widget-heading .elementor-heading-title.elementor-size-xxl{font-size:59px}<\/style><h2 class=\"elementor-heading-title elementor-size-default\">Najlepszy klimatyzator dla Ciebie - du\u017cy wyb\u00f3r producent\u00f3w<\/h2>\t\t<\/div>\n\t\t\t\t<\/div>\n\t\t\t\t\t<\/div>\n\t\t\t\t<\/div>\n\t\t<div class=\"elementor-element elementor-element-58d4d25 e-flex e-con-boxed e-con e-parent\" data-id=\"58d4d25\" data-element_type=\"container\">\n\t\t\t\t\t<div class=\"e-con-inner\">\n\t\t<div class=\"elementor-element elementor-element-16c23ba e-con-full e-flex e-con e-child\" data-id=\"16c23ba\" data-element_type=\"container\">\n\t\t\t\t<div class=\"elementor-element elementor-element-8e0e444 elementor-widget elementor-widget-image\" data-id=\"8e0e444\" data-element_type=\"widget\" data-widget_type=\"image.default\">\n\t\t\t\t<div class=\"elementor-widget-container\">\n\t\t\t<style>\/*! elementor - v3.22.0 - 24-06-2024 *\/\n.elementor-widget-image{text-align:center}.elementor-widget-image a{display:inline-block}.elementor-widget-image a img[src$=\".svg\"]{width:48px}.elementor-widget-image img{vertical-align:middle;display:inline-block}<\/style>\t\t\t\t\t\t\t\t\t\t<img decoding=\"async\" src=\"https:\/\/energoterm.konin24.pl\/blog\/wp-content\/uploads\/2024\/03\/klima-2g.jpg\" title=\"klima-2g\" alt=\"klima-2g\" loading=\"lazy\" \/>\t\t\t\t\t\t\t\t\t\t\t\t\t<\/div>\n\t\t\t\t<\/div>\n\t\t\t\t<\/div>\n\t\t<div class=\"elementor-element elementor-element-b2037bb e-con-full e-flex e-con e-child\" data-id=\"b2037bb\" data-element_type=\"container\">\n\t\t\t\t<div class=\"elementor-element elementor-element-8d653f5 elementor-widget elementor-widget-text-editor\" data-id=\"8d653f5\" data-element_type=\"widget\" data-widget_type=\"text-editor.default\">\n\t\t\t\t<div class=\"elementor-widget-container\">\n\t\t\t<style>\/*! elementor - v3.22.0 - 24-06-2024 *\/\n.elementor-widget-text-editor.elementor-drop-cap-view-stacked .elementor-drop-cap{background-color:#69727d;color:#fff}.elementor-widget-text-editor.elementor-drop-cap-view-framed .elementor-drop-cap{color:#69727d;border:3px solid;background-color:transparent}.elementor-widget-text-editor:not(.elementor-drop-cap-view-default) .elementor-drop-cap{margin-top:8px}.elementor-widget-text-editor:not(.elementor-drop-cap-view-default) .elementor-drop-cap-letter{width:1em;height:1em}.elementor-widget-text-editor .elementor-drop-cap{float:left;text-align:center;line-height:1;font-size:50px}.elementor-widget-text-editor .elementor-drop-cap-letter{display:inline-block}<\/style>\t\t\t\t<div class=\"xdj266r x11i5rnm xat24cr x1mh8g0r x1vvkbs x126k92a\"><div dir=\"auto\">Czy wiesz, \u017ce nieczysta klimatyzacja mo\u017ce by\u0107 \u017ar\u00f3d\u0142em alergii, infekcji i nieprzyjemnych zapach\u00f3w?\u00a0<\/div><\/div><div class=\"x11i5rnm xat24cr x1mh8g0r x1vvkbs xtlvy1s x126k92a\"><div dir=\"auto\">Nie ryzykuj swojego zdrowia i komfortu &#8211; skorzystaj z naszej profesjonalnej us\u0142ugi czyszczenia, odgrzybiania i ozonowania klimatyzacji!\u00a0<\/div><\/div><div class=\"x11i5rnm xat24cr x1mh8g0r x1vvkbs xtlvy1s x126k92a\"><div dir=\"auto\">Za pomoc\u0105 specjalistycznego sprz\u0119tu dok\u0142adnie wyczy\u015bcimy i zabezpieczymy Tw\u00f3j system klimatyzacyjny przed rozwojem bakterii, grzyb\u00f3w i ple\u015bni.\u00a0<\/div><\/div><div class=\"x11i5rnm xat24cr x1mh8g0r x1vvkbs xtlvy1s x126k92a\"><div dir=\"auto\">Dodatkowo, zastosujemy ozonowanie, kt\u00f3re skutecznie usunie niechciane zapachy i zneutralizuje zanieczyszczenia powietrza.\u00a0<\/div><\/div><div class=\"x11i5rnm xat24cr x1mh8g0r x1vvkbs xtlvy1s x126k92a\"><div dir=\"auto\">Nie tylko poprawisz jako\u015b\u0107 powietrza w swoim domu lub biurze, ale tak\u017ce zwi\u0119kszysz wydajno\u015b\u0107 i \u017cywotno\u015b\u0107 swojej klimatyzacji.\u00a0<\/div><\/div><div class=\"x11i5rnm xat24cr x1mh8g0r x1vvkbs xtlvy1s x126k92a\"><div dir=\"auto\">A je\u015bli potrzebujesz nowej klimatyzacji lub serwisu istniej\u0105cej, mo\u017cesz liczy\u0107 na nasz\u0105 fachow\u0105 pomoc i doradztwo.\u00a0<\/div><div dir=\"auto\">Nie zwlekaj &#8211; skontaktuj si\u0119 z nami ju\u017c dzi\u015b i um\u00f3w si\u0119 na termin!<\/div><\/div>\t\t\t\t\t\t<\/div>\n\t\t\t\t<\/div>\n\t\t\t\t<\/div>\n\t\t\t\t\t<\/div>\n\t\t\t\t<\/div>\n\t\t<div class=\"elementor-element elementor-element-fd38a5e e-flex e-con-boxed e-con e-parent\" data-id=\"fd38a5e\" data-element_type=\"container\" data-settings=\"{&quot;background_background&quot;:&quot;classic&quot;}\">\n\t\t\t\t\t<div class=\"e-con-inner\">\n\t\t<div class=\"elementor-element elementor-element-5ebe45a e-con-full e-flex e-con e-child\" data-id=\"5ebe45a\" data-element_type=\"container\">\n\t\t\t\t<div class=\"elementor-element elementor-element-6f4d048 elementor-widget__width-initial elementor-widget elementor-widget-image\" data-id=\"6f4d048\" data-element_type=\"widget\" data-widget_type=\"image.default\">\n\t\t\t\t<div class=\"elementor-widget-container\">\n\t\t\t\t\t\t\t\t\t\t\t\t\t<img decoding=\"async\" width=\"300\" height=\"94\" src=\"https:\/\/energoterm.konin24.pl\/blog\/wp-content\/uploads\/2024\/03\/biale-logo-300x94.png\" class=\"attachment-medium size-medium wp-image-644\" alt=\"energoterm konin\" srcset=\"https:\/\/energoterm.konin24.pl\/blog\/wp-content\/uploads\/2024\/03\/biale-logo-300x94.png 300w, https:\/\/energoterm.konin24.pl\/blog\/wp-content\/uploads\/2024\/03\/biale-logo-1024x321.png 1024w, https:\/\/energoterm.konin24.pl\/blog\/wp-content\/uploads\/2024\/03\/biale-logo-768x241.png 768w, https:\/\/energoterm.konin24.pl\/blog\/wp-content\/uploads\/2024\/03\/biale-logo.png 1237w\" sizes=\"(max-width: 300px) 100vw, 300px\" \/>\t\t\t\t\t\t\t\t\t\t\t\t\t<\/div>\n\t\t\t\t<\/div>\n\t\t\t\t<div class=\"elementor-element elementor-element-d9e64e6 elementor-widget elementor-widget-text-editor\" data-id=\"d9e64e6\" data-element_type=\"widget\" data-widget_type=\"text-editor.default\">\n\t\t\t\t<div class=\"elementor-widget-container\">\n\t\t\t\t\t\t\t<div class=\"wp-block-group is-layout-flow wp-block-group-is-layout-flow\"><div class=\"wp-block-group__inner-container\"><p><strong>Kontakt<\/strong><\/p><p>ul. Norwida 43<\/p><p>62-530 Posada<\/p><p>Polska<\/p><p>telefon:<\/p><p>502-610-021<\/p><p>Email: biuro@energotermkonin.pl<\/p><\/div><\/div>\t\t\t\t\t\t<\/div>\n\t\t\t\t<\/div>\n\t\t\t\t<\/div>\n\t\t<div class=\"elementor-element elementor-element-2e51e1b e-con-full e-flex e-con e-child\" data-id=\"2e51e1b\" data-element_type=\"container\">\n\t\t\t\t<div class=\"elementor-element elementor-element-3ead0f3 elementor-widget elementor-widget-text-editor\" data-id=\"3ead0f3\" data-element_type=\"widget\" data-widget_type=\"text-editor.default\">\n\t\t\t\t<div class=\"elementor-widget-container\">\n\t\t\t\t\t\t\t<p><strong>Informacje<\/strong><\/p><p><a href=\"http:\/\/energoterm.konin24.pl\/blog\/polityka-prywatnosci\/\"><span style=\"color: #ffffff;\">Polityka Prywatno\u015bci<\/span><\/a><\/p>\t\t\t\t\t\t<\/div>\n\t\t\t\t<\/div>\n\t\t\t\t<\/div>\n\t\t<div class=\"elementor-element elementor-element-b3fd2fc e-con-full e-flex e-con e-child\" data-id=\"b3fd2fc\" data-element_type=\"container\">\n\t\t\t\t<\/div>\n\t\t\t\t\t<\/div>\n\t\t\t\t<\/div>\n\t\t<div class=\"elementor-element elementor-element-6be01a0 e-flex e-con-boxed e-con e-parent\" data-id=\"6be01a0\" data-element_type=\"container\">\n\t\t\t\t\t<div class=\"e-con-inner\">\n\t\t\t\t<div class=\"elementor-element elementor-element-2f6ce4f elementor-arrows-position-inside elementor-pagination-position-outside elementor-widget elementor-widget-image-carousel\" data-id=\"2f6ce4f\" data-element_type=\"widget\" data-settings=\"{&quot;navigation&quot;:&quot;both&quot;,&quot;autoplay&quot;:&quot;yes&quot;,&quot;pause_on_hover&quot;:&quot;yes&quot;,&quot;pause_on_interaction&quot;:&quot;yes&quot;,&quot;autoplay_speed&quot;:5000,&quot;infinite&quot;:&quot;yes&quot;,&quot;speed&quot;:500}\" data-widget_type=\"image-carousel.default\">\n\t\t\t\t<div class=\"elementor-widget-container\">\n\t\t\t<style>\/*! elementor - v3.22.0 - 24-06-2024 *\/\n.elementor-widget-image-carousel .swiper,.elementor-widget-image-carousel .swiper-container{position:static}.elementor-widget-image-carousel .swiper-container .swiper-slide figure,.elementor-widget-image-carousel .swiper .swiper-slide figure{line-height:inherit}.elementor-widget-image-carousel .swiper-slide{text-align:center}.elementor-image-carousel-wrapper:not(.swiper-container-initialized):not(.swiper-initialized) .swiper-slide{max-width:calc(100% \/ var(--e-image-carousel-slides-to-show, 3))}<\/style>\t\t<div class=\"elementor-image-carousel-wrapper swiper\" dir=\"ltr\">\n\t\t\t<div class=\"elementor-image-carousel swiper-wrapper\" aria-live=\"off\">\n\t\t\t\t\t\t\t\t<div class=\"swiper-slide\" role=\"group\" aria-roledescription=\"slide\" aria-label=\"1 of 2\"><figure class=\"swiper-slide-inner\"><img decoding=\"async\" class=\"swiper-slide-image\" src=\"https:\/\/energoterm.konin24.pl\/blog\/wp-content\/uploads\/2024\/03\/gree-150-kolor.jpg\" alt=\"rotenso live better - kolor.cdr\" \/><\/figure><\/div><div class=\"swiper-slide\" role=\"group\" aria-roledescription=\"slide\" aria-label=\"2 of 2\"><figure class=\"swiper-slide-inner\"><img decoding=\"async\" class=\"swiper-slide-image\" src=\"https:\/\/energoterm.konin24.pl\/blog\/wp-content\/uploads\/2024\/03\/rotenso-live-better-kolor-scaled.jpg\" alt=\"rotenso live better - kolor.cdr\" \/><\/figure><\/div>\t\t\t<\/div>\n\t\t\t\t\t\t\t\t\t\t\t\t<div class=\"elementor-swiper-button elementor-swiper-button-prev\" role=\"button\" tabindex=\"0\">\n\t\t\t\t\t\t<svg aria-hidden=\"true\" class=\"e-font-icon-svg e-eicon-chevron-left\" viewBox=\"0 0 1000 1000\" xmlns=\"http:\/\/www.w3.org\/2000\/svg\"><path d=\"M646 125C629 125 613 133 604 142L308 442C296 454 292 471 292 487 292 504 296 521 308 533L604 854C617 867 629 875 646 875 663 875 679 871 692 858 704 846 713 829 713 812 713 796 708 779 692 767L438 487 692 225C700 217 708 204 708 187 708 171 704 154 692 142 675 129 663 125 646 125Z\"><\/path><\/svg>\t\t\t\t\t<\/div>\n\t\t\t\t\t<div class=\"elementor-swiper-button elementor-swiper-button-next\" role=\"button\" tabindex=\"0\">\n\t\t\t\t\t\t<svg aria-hidden=\"true\" class=\"e-font-icon-svg e-eicon-chevron-right\" viewBox=\"0 0 1000 1000\" xmlns=\"http:\/\/www.w3.org\/2000\/svg\"><path d=\"M696 533C708 521 713 504 713 487 713 471 708 454 696 446L400 146C388 133 375 125 354 125 338 125 325 129 313 142 300 154 292 171 292 187 292 204 296 221 308 233L563 492 304 771C292 783 288 800 288 817 288 833 296 850 308 863 321 871 338 875 354 875 371 875 388 867 400 854L696 533Z\"><\/path><\/svg>\t\t\t\t\t<\/div>\n\t\t\t\t\n\t\t\t\t\t\t\t\t\t<div class=\"swiper-pagination\"><\/div>\n\t\t\t\t\t\t\t\t\t<\/div>\n\t\t\t\t<\/div>\n\t\t\t\t<\/div>\n\t\t\t\t\t<\/div>\n\t\t\t\t<\/div>\n\t\t\t\t<\/div>\n\t\t","protected":false},"excerpt":{"rendered":"<p>Najlepszy klimatyzator dla Ciebie &#8211; du\u017cy wyb\u00f3r producent\u00f3w Czy wiesz, \u017ce nieczysta klimatyzacja mo\u017ce by\u0107 \u017ar\u00f3d\u0142em alergii, infekcji i nieprzyjemnych zapach\u00f3w?\u00a0Nie ryzykuj swojego zdrowia i komfortu &#8211; skorzystaj z naszej profesjonalnej us\u0142ugi czyszczenia, odgrzybiania i ozonowania klimatyzacji!\u00a0Za pomoc\u0105 specjalistycznego sprz\u0119tu dok\u0142adnie wyczy\u015bcimy i zabezpieczymy Tw\u00f3j system klimatyzacyjny przed rozwojem bakterii, grzyb\u00f3w i ple\u015bni.\u00a0Dodatkowo, zastosujemy ozonowanie, [&hellip;]<\/p>\n","protected":false},"author":1,"featured_media":0,"parent":0,"menu_order":0,"comment_status":"closed","ping_status":"closed","template":"","meta":{"footnotes":""},"class_list":["post-1325","page","type-page","status-publish","hentry"],"blocksy_meta":[],"_links":{"self":[{"href":"https:\/\/energoterm.konin24.pl\/blog\/wp-json\/wp\/v2\/pages\/1325","targetHints":{"allow":["GET"]}}],"collection":[{"href":"https:\/\/energoterm.konin24.pl\/blog\/wp-json\/wp\/v2\/pages"}],"about":[{"href":"https:\/\/energoterm.konin24.pl\/blog\/wp-json\/wp\/v2\/types\/page"}],"author":[{"embeddable":true,"href":"https:\/\/energoterm.konin24.pl\/blog\/wp-json\/wp\/v2\/users\/1"}],"replies":[{"embeddable":true,"href":"https:\/\/energoterm.konin24.pl\/blog\/wp-json\/wp\/v2\/comments?post=1325"}],"version-history":[{"count":334,"href":"https:\/\/energoterm.konin24.pl\/blog\/wp-json\/wp\/v2\/pages\/1325\/revisions"}],"predecessor-version":[{"id":2457,"href":"https:\/\/energoterm.konin24.pl\/blog\/wp-json\/wp\/v2\/pages\/1325\/revisions\/2457"}],"wp:attachment":[{"href":"https:\/\/energoterm.konin24.pl\/blog\/wp-json\/wp\/v2\/media?parent=1325"}],"curies":[{"name":"wp","href":"https:\/\/api.w.org\/{rel}","templated":true}]}}