{"id":847,"date":"2024-03-15T22:58:08","date_gmt":"2024-03-15T22:58:08","guid":{"rendered":"http:\/\/energoterm.konin24.pl\/blog\/?page_id=847"},"modified":"2024-03-19T11:05:12","modified_gmt":"2024-03-19T11:05:12","slug":"swiadectwa-energetyczne","status":"publish","type":"page","link":"https:\/\/energoterm.konin24.pl\/blog\/swiadectwa-energetyczne\/","title":{"rendered":"\u015awiadectwA Energetyczne"},"content":{"rendered":"\t\t<div data-elementor-type=\"wp-page\" data-elementor-id=\"847\" class=\"elementor elementor-847\">\n\t\t\t\t<div class=\"elementor-element elementor-element-19b425e e-con-full e-flex e-con e-parent\" data-id=\"19b425e\" data-element_type=\"container\" data-settings=\"{&quot;background_background&quot;:&quot;slideshow&quot;,&quot;background_slideshow_gallery&quot;:[{&quot;id&quot;:2156,&quot;url&quot;:&quot;http:\\\/\\\/energoterm.konin24.pl\\\/blog\\\/wp-content\\\/uploads\\\/2024\\\/03\\\/AdobeStock_44147629.jpeg&quot;}],&quot;background_slideshow_loop&quot;:&quot;yes&quot;,&quot;background_slideshow_slide_duration&quot;:5000,&quot;background_slideshow_slide_transition&quot;:&quot;fade&quot;,&quot;background_slideshow_transition_duration&quot;:500}\">\n\t\t\t\t<\/div>\n\t\t<div class=\"elementor-element elementor-element-88af7c2 e-flex e-con-boxed e-con e-parent\" data-id=\"88af7c2\" data-element_type=\"container\">\n\t\t\t\t\t<div class=\"e-con-inner\">\n\t\t<div class=\"elementor-element elementor-element-10a9683 e-con-full e-flex e-con e-child\" data-id=\"10a9683\" data-element_type=\"container\">\n\t\t\t\t<div class=\"elementor-element elementor-element-816d630 elementor-widget elementor-widget-image\" data-id=\"816d630\" data-element_type=\"widget\" data-widget_type=\"image.default\">\n\t\t\t\t<div class=\"elementor-widget-container\">\n\t\t\t<style>\/*! elementor - v3.22.0 - 24-06-2024 *\/\n.elementor-widget-image{text-align:center}.elementor-widget-image a{display:inline-block}.elementor-widget-image a img[src$=\".svg\"]{width:48px}.elementor-widget-image img{vertical-align:middle;display:inline-block}<\/style>\t\t\t\t\t\t\t\t\t\t<img decoding=\"async\" src=\"https:\/\/energoterm.konin24.pl\/blog\/wp-content\/uploads\/2024\/03\/sche1-scaled.jpg\" title=\"W\u00e4rmebildtechnik Und W\u00e4rmethermografie\" alt=\"Thermal House Imaging And Heat Thermography. Insulation Image\" loading=\"lazy\" \/>\t\t\t\t\t\t\t\t\t\t\t\t\t<\/div>\n\t\t\t\t<\/div>\n\t\t\t\t<\/div>\n\t\t<div class=\"elementor-element elementor-element-8db1bf5 e-con-full e-flex e-con e-child\" data-id=\"8db1bf5\" data-element_type=\"container\">\n\t\t\t\t<div class=\"elementor-element elementor-element-11cc4c7 elementor-widget elementor-widget-text-editor\" data-id=\"11cc4c7\" data-element_type=\"widget\" data-widget_type=\"text-editor.default\">\n\t\t\t\t<div class=\"elementor-widget-container\">\n\t\t\t<style>\/*! elementor - v3.22.0 - 24-06-2024 *\/\n.elementor-widget-text-editor.elementor-drop-cap-view-stacked .elementor-drop-cap{background-color:#69727d;color:#fff}.elementor-widget-text-editor.elementor-drop-cap-view-framed .elementor-drop-cap{color:#69727d;border:3px solid;background-color:transparent}.elementor-widget-text-editor:not(.elementor-drop-cap-view-default) .elementor-drop-cap{margin-top:8px}.elementor-widget-text-editor:not(.elementor-drop-cap-view-default) .elementor-drop-cap-letter{width:1em;height:1em}.elementor-widget-text-editor .elementor-drop-cap{float:left;text-align:center;line-height:1;font-size:50px}.elementor-widget-text-editor .elementor-drop-cap-letter{display:inline-block}<\/style>\t\t\t\t<div class=\"xdj266r x11i5rnm xat24cr x1mh8g0r x1vvkbs x126k92a\"><div dir=\"auto\">Czy wiesz, \u017ce\u2026<\/div><\/div><div class=\"x11i5rnm xat24cr x1mh8g0r x1vvkbs xtlvy1s x126k92a\"><div dir=\"auto\">\u015bwiadectwo charakterystyki energetycznej jest obowi\u0105zkowe przy sprzeda\u017cy lub wynajmie nieruchomo\u015bci?\u00a0<\/div><\/div><div class=\"x11i5rnm xat24cr x1mh8g0r x1vvkbs xtlvy1s x126k92a\"><div dir=\"auto\">To dokument, kt\u00f3ry okre\u015bla zapotrzebowanie na energi\u0119 budynku lub cz\u0119\u015bci budynku i pozwala na oszacowanie koszt\u00f3w utrzymania zwi\u0105zanych ze zu\u017cyciem energii.\u00a0<\/div><\/div><div class=\"x11i5rnm xat24cr x1mh8g0r x1vvkbs xtlvy1s x126k92a\"><div dir=\"auto\">Je\u015bli szukasz profesjonalnej firmy, kt\u00f3ra sporz\u0105dzi dla Ciebie \u015bwiadectwo charakterystyki energetycznej, skontaktuj si\u0119 z nami.<\/div><\/div><div class=\"x11i5rnm xat24cr x1mh8g0r x1vvkbs xtlvy1s x126k92a\"><div dir=\"auto\">Jeste\u015bmy firm\u0105 z wieloletnim do\u015bwiadczeniem w bran\u017cy, kt\u00f3ra oferuje kompleksowe us\u0142ugi w zakresie \u015bwiadectw energetycznych dla dom\u00f3w jednorodzinnych i mieszka\u0144, ca\u0142ych blok\u00f3w mieszkalnych\u00a0 lokali us\u0142ugowych\u00a0i innych obiekt\u00f3w.<\/div><\/div><div class=\"x11i5rnm xat24cr x1mh8g0r x1vvkbs xtlvy1s x126k92a\"><div dir=\"auto\">Wykonujemy \u015bwiadectwa charakterystyki energetycznej na terenie <strong>Konina, Ko\u0142a, Turku, S\u0142upcy<\/strong> i okolic, z zachowaniem najwy\u017cszych standard\u00f3w jako\u015bci i terminowo\u015bci.<\/div><\/div><div class=\"x11i5rnm xat24cr x1mh8g0r x1vvkbs xtlvy1s x126k92a\"><div dir=\"auto\">Zapewniamy atrakcyjne ceny i fachowe doradztwo.<\/div><\/div><div class=\"x11i5rnm xat24cr x1mh8g0r x1vvkbs xtlvy1s x126k92a\"><div dir=\"auto\">Nie zwlekaj, zam\u00f3w \u015bwiadectwo charakterystyki energetycznej ju\u017c dzi\u015b i zadbaj o komfort i oszcz\u0119dno\u015b\u0107 w Twojej nieruchomo\u015bci.<\/div><\/div>\t\t\t\t\t\t<\/div>\n\t\t\t\t<\/div>\n\t\t\t\t<\/div>\n\t\t\t\t\t<\/div>\n\t\t\t\t<\/div>\n\t\t<div class=\"elementor-element elementor-element-cb10656 e-flex e-con-boxed e-con e-parent\" data-id=\"cb10656\" data-element_type=\"container\" data-settings=\"{&quot;background_background&quot;:&quot;classic&quot;}\">\n\t\t\t\t\t<div class=\"e-con-inner\">\n\t\t<div class=\"elementor-element elementor-element-49ab9f7 e-con-full e-flex e-con e-child\" data-id=\"49ab9f7\" data-element_type=\"container\">\n\t\t\t\t<div class=\"elementor-element elementor-element-ddb9a57 elementor-widget__width-initial elementor-widget elementor-widget-image\" data-id=\"ddb9a57\" data-element_type=\"widget\" data-widget_type=\"image.default\">\n\t\t\t\t<div class=\"elementor-widget-container\">\n\t\t\t\t\t\t\t\t\t\t\t\t\t<img decoding=\"async\" width=\"300\" height=\"94\" src=\"https:\/\/energoterm.konin24.pl\/blog\/wp-content\/uploads\/2024\/03\/biale-logo-300x94.png\" class=\"attachment-medium size-medium wp-image-644\" alt=\"energoterm konin\" srcset=\"https:\/\/energoterm.konin24.pl\/blog\/wp-content\/uploads\/2024\/03\/biale-logo-300x94.png 300w, https:\/\/energoterm.konin24.pl\/blog\/wp-content\/uploads\/2024\/03\/biale-logo-1024x321.png 1024w, https:\/\/energoterm.konin24.pl\/blog\/wp-content\/uploads\/2024\/03\/biale-logo-768x241.png 768w, https:\/\/energoterm.konin24.pl\/blog\/wp-content\/uploads\/2024\/03\/biale-logo.png 1237w\" sizes=\"(max-width: 300px) 100vw, 300px\" \/>\t\t\t\t\t\t\t\t\t\t\t\t\t<\/div>\n\t\t\t\t<\/div>\n\t\t\t\t<div class=\"elementor-element elementor-element-d30bc79 elementor-widget elementor-widget-text-editor\" data-id=\"d30bc79\" data-element_type=\"widget\" data-widget_type=\"text-editor.default\">\n\t\t\t\t<div class=\"elementor-widget-container\">\n\t\t\t\t\t\t\t<div class=\"wp-block-group is-layout-flow wp-block-group-is-layout-flow\"><div class=\"wp-block-group__inner-container\"><p><strong>Kontakt<\/strong><\/p><p>ul. Norwida 43<\/p><p>62-530 Posada<\/p><p>Polska<\/p><p>telefon:<\/p><p>502-610-021<\/p><p>Email: biuro@energotermkonin.pl<\/p><\/div><\/div>\t\t\t\t\t\t<\/div>\n\t\t\t\t<\/div>\n\t\t\t\t<\/div>\n\t\t<div class=\"elementor-element elementor-element-394f95c e-con-full e-flex e-con e-child\" data-id=\"394f95c\" data-element_type=\"container\">\n\t\t\t\t<div class=\"elementor-element elementor-element-1862a4e elementor-widget elementor-widget-text-editor\" data-id=\"1862a4e\" data-element_type=\"widget\" data-widget_type=\"text-editor.default\">\n\t\t\t\t<div class=\"elementor-widget-container\">\n\t\t\t\t\t\t\t<p><strong>Informacje<\/strong><\/p><p><a href=\"http:\/\/energoterm.konin24.pl\/blog\/polityka-prywatnosci\/\"><span style=\"color: #ffffff;\">Polityka Prywatno\u015bci<\/span><\/a><\/p>\t\t\t\t\t\t<\/div>\n\t\t\t\t<\/div>\n\t\t\t\t<\/div>\n\t\t<div class=\"elementor-element elementor-element-a8408b0 e-con-full e-flex e-con e-child\" data-id=\"a8408b0\" data-element_type=\"container\">\n\t\t\t\t<\/div>\n\t\t\t\t\t<\/div>\n\t\t\t\t<\/div>\n\t\t\t\t<\/div>\n\t\t","protected":false},"excerpt":{"rendered":"<p>Czy wiesz, \u017ce\u2026\u015bwiadectwo charakterystyki energetycznej jest obowi\u0105zkowe przy sprzeda\u017cy lub wynajmie nieruchomo\u015bci?\u00a0To dokument, kt\u00f3ry okre\u015bla zapotrzebowanie na energi\u0119 budynku lub cz\u0119\u015bci budynku i pozwala na oszacowanie koszt\u00f3w utrzymania zwi\u0105zanych ze zu\u017cyciem energii.\u00a0Je\u015bli szukasz profesjonalnej firmy, kt\u00f3ra sporz\u0105dzi dla Ciebie \u015bwiadectwo charakterystyki energetycznej, skontaktuj si\u0119 z nami.Jeste\u015bmy firm\u0105 z wieloletnim do\u015bwiadczeniem w bran\u017cy, kt\u00f3ra oferuje kompleksowe [&hellip;]<\/p>\n","protected":false},"author":1,"featured_media":0,"parent":0,"menu_order":0,"comment_status":"closed","ping_status":"closed","template":"","meta":{"footnotes":""},"class_list":["post-847","page","type-page","status-publish","hentry"],"blocksy_meta":[],"_links":{"self":[{"href":"https:\/\/energoterm.konin24.pl\/blog\/wp-json\/wp\/v2\/pages\/847","targetHints":{"allow":["GET"]}}],"collection":[{"href":"https:\/\/energoterm.konin24.pl\/blog\/wp-json\/wp\/v2\/pages"}],"about":[{"href":"https:\/\/energoterm.konin24.pl\/blog\/wp-json\/wp\/v2\/types\/page"}],"author":[{"embeddable":true,"href":"https:\/\/energoterm.konin24.pl\/blog\/wp-json\/wp\/v2\/users\/1"}],"replies":[{"embeddable":true,"href":"https:\/\/energoterm.konin24.pl\/blog\/wp-json\/wp\/v2\/comments?post=847"}],"version-history":[{"count":61,"href":"https:\/\/energoterm.konin24.pl\/blog\/wp-json\/wp\/v2\/pages\/847\/revisions"}],"predecessor-version":[{"id":2394,"href":"https:\/\/energoterm.konin24.pl\/blog\/wp-json\/wp\/v2\/pages\/847\/revisions\/2394"}],"wp:attachment":[{"href":"https:\/\/energoterm.konin24.pl\/blog\/wp-json\/wp\/v2\/media?parent=847"}],"curies":[{"name":"wp","href":"https:\/\/api.w.org\/{rel}","templated":true}]}}