{"id":863,"date":"2024-03-15T23:09:15","date_gmt":"2024-03-15T23:09:15","guid":{"rendered":"http:\/\/energoterm.konin24.pl\/blog\/?page_id=863"},"modified":"2024-03-19T11:04:25","modified_gmt":"2024-03-19T11:04:25","slug":"termowizja-2","status":"publish","type":"page","link":"https:\/\/energoterm.konin24.pl\/blog\/termowizja-2\/","title":{"rendered":"Termowizja"},"content":{"rendered":"\t\t<div data-elementor-type=\"wp-page\" data-elementor-id=\"863\" class=\"elementor elementor-863\">\n\t\t\t\t<div class=\"elementor-element elementor-element-5e8ac2e e-flex e-con-boxed e-con e-parent\" data-id=\"5e8ac2e\" data-element_type=\"container\" data-settings=\"{&quot;background_background&quot;:&quot;slideshow&quot;,&quot;background_slideshow_gallery&quot;:[{&quot;id&quot;:2065,&quot;url&quot;:&quot;http:\\\/\\\/energoterm.konin24.pl\\\/blog\\\/wp-content\\\/uploads\\\/2024\\\/03\\\/AdobeStock_758337760-scaled.jpeg&quot;}],&quot;background_slideshow_loop&quot;:&quot;yes&quot;,&quot;background_slideshow_slide_duration&quot;:5000,&quot;background_slideshow_slide_transition&quot;:&quot;fade&quot;,&quot;background_slideshow_transition_duration&quot;:500}\">\n\t\t\t\t\t<div class=\"e-con-inner\">\n\t\t<div class=\"elementor-element elementor-element-59dda57 e-con-full e-flex e-con e-child\" data-id=\"59dda57\" data-element_type=\"container\">\n\t\t\t\t<div class=\"elementor-element elementor-element-4e0f8e8 elementor-widget-mobile__width-initial elementor-widget__width-initial elementor-widget elementor-widget-heading\" data-id=\"4e0f8e8\" data-element_type=\"widget\" data-widget_type=\"heading.default\">\n\t\t\t\t<div class=\"elementor-widget-container\">\n\t\t\t<style>\/*! elementor - v3.22.0 - 24-06-2024 *\/\n.elementor-heading-title{padding:0;margin:0;line-height:1}.elementor-widget-heading .elementor-heading-title[class*=elementor-size-]>a{color:inherit;font-size:inherit;line-height:inherit}.elementor-widget-heading .elementor-heading-title.elementor-size-small{font-size:15px}.elementor-widget-heading .elementor-heading-title.elementor-size-medium{font-size:19px}.elementor-widget-heading .elementor-heading-title.elementor-size-large{font-size:29px}.elementor-widget-heading .elementor-heading-title.elementor-size-xl{font-size:39px}.elementor-widget-heading .elementor-heading-title.elementor-size-xxl{font-size:59px}<\/style><h2 class=\"elementor-heading-title elementor-size-default\">Termowizja <br\/>\nOdkryj tajemnice Twojego budynku.<\/h2>\t\t<\/div>\n\t\t\t\t<\/div>\n\t\t\t\t<\/div>\n\t\t\t\t\t<\/div>\n\t\t\t\t<\/div>\n\t\t<div class=\"elementor-element elementor-element-a0091e8 e-flex e-con-boxed e-con e-parent\" data-id=\"a0091e8\" data-element_type=\"container\">\n\t\t\t\t\t<div class=\"e-con-inner\">\n\t\t<div class=\"elementor-element elementor-element-1d2d718 e-con-full e-flex e-con e-child\" data-id=\"1d2d718\" data-element_type=\"container\">\n\t\t<div class=\"elementor-element elementor-element-51320cc e-flex e-con-boxed e-con e-child\" data-id=\"51320cc\" data-element_type=\"container\">\n\t\t\t\t\t<div class=\"e-con-inner\">\n\t\t<div class=\"elementor-element elementor-element-844dd14 e-grid e-con-boxed e-con e-child\" data-id=\"844dd14\" data-element_type=\"container\">\n\t\t\t\t\t<div class=\"e-con-inner\">\n\t\t\t\t<div class=\"elementor-element elementor-element-6777d89 elementor-widget elementor-widget-image\" data-id=\"6777d89\" data-element_type=\"widget\" data-widget_type=\"image.default\">\n\t\t\t\t<div class=\"elementor-widget-container\">\n\t\t\t<style>\/*! elementor - v3.22.0 - 24-06-2024 *\/\n.elementor-widget-image{text-align:center}.elementor-widget-image a{display:inline-block}.elementor-widget-image a img[src$=\".svg\"]{width:48px}.elementor-widget-image img{vertical-align:middle;display:inline-block}<\/style>\t\t\t\t\t\t\t\t\t\t<img decoding=\"async\" src=\"https:\/\/energoterm.konin24.pl\/blog\/wp-content\/uploads\/2024\/03\/termo-1-scaled.jpg\" title=\"termo-1\" alt=\"termo-1\" loading=\"lazy\" \/>\t\t\t\t\t\t\t\t\t\t\t\t\t<\/div>\n\t\t\t\t<\/div>\n\t\t\t\t<div class=\"elementor-element elementor-element-d55cb13 elementor-widget elementor-widget-image\" data-id=\"d55cb13\" data-element_type=\"widget\" data-widget_type=\"image.default\">\n\t\t\t\t<div class=\"elementor-widget-container\">\n\t\t\t\t\t\t\t\t\t\t\t\t\t<img fetchpriority=\"high\" decoding=\"async\" width=\"1024\" height=\"794\" src=\"https:\/\/energoterm.konin24.pl\/blog\/wp-content\/uploads\/2024\/03\/termo-1000-1-1024x794.jpg\" class=\"attachment-large size-large wp-image-2116\" alt=\"\" srcset=\"https:\/\/energoterm.konin24.pl\/blog\/wp-content\/uploads\/2024\/03\/termo-1000-1-1024x794.jpg 1024w, https:\/\/energoterm.konin24.pl\/blog\/wp-content\/uploads\/2024\/03\/termo-1000-1-300x233.jpg 300w, https:\/\/energoterm.konin24.pl\/blog\/wp-content\/uploads\/2024\/03\/termo-1000-1-768x595.jpg 768w, https:\/\/energoterm.konin24.pl\/blog\/wp-content\/uploads\/2024\/03\/termo-1000-1.jpg 1400w\" sizes=\"(max-width: 1024px) 100vw, 1024px\" \/>\t\t\t\t\t\t\t\t\t\t\t\t\t<\/div>\n\t\t\t\t<\/div>\n\t\t\t\t<div class=\"elementor-element elementor-element-290a903 elementor-widget elementor-widget-image\" data-id=\"290a903\" data-element_type=\"widget\" data-widget_type=\"image.default\">\n\t\t\t\t<div class=\"elementor-widget-container\">\n\t\t\t\t\t\t\t\t\t\t\t\t\t<img decoding=\"async\" width=\"1024\" height=\"664\" src=\"https:\/\/energoterm.konin24.pl\/blog\/wp-content\/uploads\/2024\/03\/AdobeStock_441964339-1024x664.jpeg\" class=\"attachment-large size-large wp-image-2124\" alt=\"\" srcset=\"https:\/\/energoterm.konin24.pl\/blog\/wp-content\/uploads\/2024\/03\/AdobeStock_441964339-1024x664.jpeg 1024w, https:\/\/energoterm.konin24.pl\/blog\/wp-content\/uploads\/2024\/03\/AdobeStock_441964339-300x195.jpeg 300w, https:\/\/energoterm.konin24.pl\/blog\/wp-content\/uploads\/2024\/03\/AdobeStock_441964339-768x498.jpeg 768w, https:\/\/energoterm.konin24.pl\/blog\/wp-content\/uploads\/2024\/03\/AdobeStock_441964339-1536x997.jpeg 1536w, https:\/\/energoterm.konin24.pl\/blog\/wp-content\/uploads\/2024\/03\/AdobeStock_441964339-2048x1329.jpeg 2048w\" sizes=\"(max-width: 1024px) 100vw, 1024px\" \/>\t\t\t\t\t\t\t\t\t\t\t\t\t<\/div>\n\t\t\t\t<\/div>\n\t\t\t\t<div class=\"elementor-element elementor-element-0ec3e23 elementor-widget elementor-widget-image\" data-id=\"0ec3e23\" data-element_type=\"widget\" data-widget_type=\"image.default\">\n\t\t\t\t<div class=\"elementor-widget-container\">\n\t\t\t\t\t\t\t\t\t\t\t\t\t<img decoding=\"async\" width=\"1024\" height=\"683\" src=\"https:\/\/energoterm.konin24.pl\/blog\/wp-content\/uploads\/2024\/03\/AdobeStock_273096118-1024x683.jpeg\" class=\"attachment-large size-large wp-image-2227\" alt=\"Termowizja Konin\" srcset=\"https:\/\/energoterm.konin24.pl\/blog\/wp-content\/uploads\/2024\/03\/AdobeStock_273096118-1024x683.jpeg 1024w, https:\/\/energoterm.konin24.pl\/blog\/wp-content\/uploads\/2024\/03\/AdobeStock_273096118-300x200.jpeg 300w, https:\/\/energoterm.konin24.pl\/blog\/wp-content\/uploads\/2024\/03\/AdobeStock_273096118-768x512.jpeg 768w, https:\/\/energoterm.konin24.pl\/blog\/wp-content\/uploads\/2024\/03\/AdobeStock_273096118-1536x1024.jpeg 1536w, https:\/\/energoterm.konin24.pl\/blog\/wp-content\/uploads\/2024\/03\/AdobeStock_273096118-2048x1366.jpeg 2048w\" sizes=\"(max-width: 1024px) 100vw, 1024px\" \/>\t\t\t\t\t\t\t\t\t\t\t\t\t<\/div>\n\t\t\t\t<\/div>\n\t\t\t\t\t<\/div>\n\t\t\t\t<\/div>\n\t\t\t\t\t<\/div>\n\t\t\t\t<\/div>\n\t\t\t\t<\/div>\n\t\t<div class=\"elementor-element elementor-element-0741adc e-con-full e-flex e-con e-child\" data-id=\"0741adc\" data-element_type=\"container\">\n\t\t\t\t<div class=\"elementor-element elementor-element-3424b75 elementor-widget elementor-widget-text-editor\" data-id=\"3424b75\" data-element_type=\"widget\" data-widget_type=\"text-editor.default\">\n\t\t\t\t<div class=\"elementor-widget-container\">\n\t\t\t<style>\/*! elementor - v3.22.0 - 24-06-2024 *\/\n.elementor-widget-text-editor.elementor-drop-cap-view-stacked .elementor-drop-cap{background-color:#69727d;color:#fff}.elementor-widget-text-editor.elementor-drop-cap-view-framed .elementor-drop-cap{color:#69727d;border:3px solid;background-color:transparent}.elementor-widget-text-editor:not(.elementor-drop-cap-view-default) .elementor-drop-cap{margin-top:8px}.elementor-widget-text-editor:not(.elementor-drop-cap-view-default) .elementor-drop-cap-letter{width:1em;height:1em}.elementor-widget-text-editor .elementor-drop-cap{float:left;text-align:center;line-height:1;font-size:50px}.elementor-widget-text-editor .elementor-drop-cap-letter{display:inline-block}<\/style>\t\t\t\t<div class=\"xdj266r x11i5rnm xat24cr x1mh8g0r x1vvkbs x126k92a\"><div dir=\"auto\">Wykonujemy badania nowoczesn\u0105 kamer\u0105 termowizyjn\u0105 produkcji niemieckiej firmy Testo\u00ae.<\/div><\/div><div class=\"x11i5rnm xat24cr x1mh8g0r x1vvkbs xtlvy1s x126k92a\"><div dir=\"auto\"><span class=\"x3nfvp2 x1j61x8r x1fcty0u xdj266r xhhsvwb xat24cr xgzva0m xxymvpz xlup9mm x1kky2od\">&#8211; <\/span>ocena jako\u015bci izolacji cieplnej,<\/div><div dir=\"auto\"><span class=\"x3nfvp2 x1j61x8r x1fcty0u xdj266r xhhsvwb xat24cr xgzva0m xxymvpz xlup9mm x1kky2od\">&#8211; <\/span>lokalizacja zawilgocenia w \u015bcianach,<\/div><div dir=\"auto\"><span class=\"x3nfvp2 x1j61x8r x1fcty0u xdj266r xhhsvwb xat24cr xgzva0m xxymvpz xlup9mm x1kky2od\">&#8211; <\/span> kontrola system\u00f3w i instalacji grzewczych,<\/div><div dir=\"auto\"><span class=\"x3nfvp2 x1j61x8r x1fcty0u xdj266r xhhsvwb xat24cr xgzva0m xxymvpz xlup9mm x1kky2od\">&#8211; <\/span>ocena osadzenia drzwi i okien,<\/div><div dir=\"auto\"><span class=\"x3nfvp2 x1j61x8r x1fcty0u xdj266r xhhsvwb xat24cr xgzva0m xxymvpz xlup9mm x1kky2od\">&#8211; <\/span>sprawdzenie jako\u015bci wykonania po\u0142\u0105cze\u0144 strop\u00f3w ze \u015bcianami,<\/div><div dir=\"auto\"><span class=\"x3nfvp2 x1j61x8r x1fcty0u xdj266r xhhsvwb xat24cr xgzva0m xxymvpz xlup9mm x1kky2od\">&#8211; <\/span>ocena jako\u015bci wykonania izolacji poddasza,<\/div><div dir=\"auto\"><span class=\"x3nfvp2 x1j61x8r x1fcty0u xdj266r xhhsvwb xat24cr xgzva0m xxymvpz xlup9mm x1kky2od\">&#8211; <\/span>zbadanie jako\u015bci pracy ogrzewania pod\u0142ogowego,<\/div><div dir=\"auto\"><span class=\"x3nfvp2 x1j61x8r x1fcty0u xdj266r xhhsvwb xat24cr xgzva0m xxymvpz xlup9mm x1kky2od\">&#8211; <\/span>okre\u015blenie miejsc przegrzania przewod\u00f3w elektrycznych,<\/div><div dir=\"auto\"><span class=\"x3nfvp2 x1j61x8r x1fcty0u xdj266r xhhsvwb xat24cr xgzva0m xxymvpz xlup9mm x1kky2od\">&#8211; <\/span>przegrzewanie bezpiecznik\u00f3w, oraz zacisk\u00f3w pr\u0105dowych.<\/div><\/div>\t\t\t\t\t\t<\/div>\n\t\t\t\t<\/div>\n\t\t\t\t<\/div>\n\t\t\t\t\t<\/div>\n\t\t\t\t<\/div>\n\t\t<div class=\"elementor-element elementor-element-4539358 e-flex e-con-boxed e-con e-parent\" data-id=\"4539358\" data-element_type=\"container\" data-settings=\"{&quot;background_background&quot;:&quot;classic&quot;}\">\n\t\t\t\t\t<div class=\"e-con-inner\">\n\t\t<div class=\"elementor-element elementor-element-6aef65d e-con-full e-flex e-con e-child\" data-id=\"6aef65d\" data-element_type=\"container\">\n\t\t\t\t<div class=\"elementor-element elementor-element-e96d8e2 elementor-widget__width-initial elementor-widget elementor-widget-image\" data-id=\"e96d8e2\" data-element_type=\"widget\" data-widget_type=\"image.default\">\n\t\t\t\t<div class=\"elementor-widget-container\">\n\t\t\t\t\t\t\t\t\t\t\t\t\t<img loading=\"lazy\" decoding=\"async\" width=\"300\" height=\"94\" src=\"https:\/\/energoterm.konin24.pl\/blog\/wp-content\/uploads\/2024\/03\/biale-logo-300x94.png\" class=\"attachment-medium size-medium wp-image-644\" alt=\"energoterm konin\" srcset=\"https:\/\/energoterm.konin24.pl\/blog\/wp-content\/uploads\/2024\/03\/biale-logo-300x94.png 300w, https:\/\/energoterm.konin24.pl\/blog\/wp-content\/uploads\/2024\/03\/biale-logo-1024x321.png 1024w, https:\/\/energoterm.konin24.pl\/blog\/wp-content\/uploads\/2024\/03\/biale-logo-768x241.png 768w, https:\/\/energoterm.konin24.pl\/blog\/wp-content\/uploads\/2024\/03\/biale-logo.png 1237w\" sizes=\"(max-width: 300px) 100vw, 300px\" \/>\t\t\t\t\t\t\t\t\t\t\t\t\t<\/div>\n\t\t\t\t<\/div>\n\t\t\t\t<div class=\"elementor-element elementor-element-8eb611a elementor-widget elementor-widget-text-editor\" data-id=\"8eb611a\" data-element_type=\"widget\" data-widget_type=\"text-editor.default\">\n\t\t\t\t<div class=\"elementor-widget-container\">\n\t\t\t\t\t\t\t<div class=\"wp-block-group is-layout-flow wp-block-group-is-layout-flow\"><div class=\"wp-block-group__inner-container\"><p><strong>Kontakt<\/strong><\/p><p>ul. Norwida 43<\/p><p>62-530 Posada<\/p><p>Polska<\/p><p>telefon:<\/p><p>502-610-021<\/p><p>Email: biuro@energotermkonin.pl<\/p><\/div><\/div>\t\t\t\t\t\t<\/div>\n\t\t\t\t<\/div>\n\t\t\t\t<\/div>\n\t\t<div class=\"elementor-element elementor-element-8d58c19 e-con-full e-flex e-con e-child\" data-id=\"8d58c19\" data-element_type=\"container\">\n\t\t\t\t<div class=\"elementor-element elementor-element-2696df8 elementor-widget elementor-widget-text-editor\" data-id=\"2696df8\" data-element_type=\"widget\" data-widget_type=\"text-editor.default\">\n\t\t\t\t<div class=\"elementor-widget-container\">\n\t\t\t\t\t\t\t<p><strong>Informacje<\/strong><\/p><p><a href=\"http:\/\/energoterm.konin24.pl\/blog\/polityka-prywatnosci\/\"><span style=\"color: #ffffff;\">Polityka Prywatno\u015bci<\/span><\/a><\/p>\t\t\t\t\t\t<\/div>\n\t\t\t\t<\/div>\n\t\t\t\t<\/div>\n\t\t<div class=\"elementor-element elementor-element-808c895 e-con-full e-flex e-con e-child\" data-id=\"808c895\" data-element_type=\"container\">\n\t\t\t\t<\/div>\n\t\t\t\t\t<\/div>\n\t\t\t\t<\/div>\n\t\t\t\t<\/div>\n\t\t","protected":false},"excerpt":{"rendered":"<p>Termowizja Odkryj tajemnice Twojego budynku. Wykonujemy badania nowoczesn\u0105 kamer\u0105 termowizyjn\u0105 produkcji niemieckiej firmy Testo\u00ae.- ocena jako\u015bci izolacji cieplnej,- lokalizacja zawilgocenia w \u015bcianach,- kontrola system\u00f3w i instalacji grzewczych,- ocena osadzenia drzwi i okien,- sprawdzenie jako\u015bci wykonania po\u0142\u0105cze\u0144 strop\u00f3w ze \u015bcianami,- ocena jako\u015bci wykonania izolacji poddasza,- zbadanie jako\u015bci pracy ogrzewania pod\u0142ogowego,- okre\u015blenie miejsc przegrzania przewod\u00f3w elektrycznych,- przegrzewanie [&hellip;]<\/p>\n","protected":false},"author":1,"featured_media":0,"parent":0,"menu_order":0,"comment_status":"closed","ping_status":"closed","template":"","meta":{"footnotes":""},"class_list":["post-863","page","type-page","status-publish","hentry"],"blocksy_meta":[],"_links":{"self":[{"href":"https:\/\/energoterm.konin24.pl\/blog\/wp-json\/wp\/v2\/pages\/863","targetHints":{"allow":["GET"]}}],"collection":[{"href":"https:\/\/energoterm.konin24.pl\/blog\/wp-json\/wp\/v2\/pages"}],"about":[{"href":"https:\/\/energoterm.konin24.pl\/blog\/wp-json\/wp\/v2\/types\/page"}],"author":[{"embeddable":true,"href":"https:\/\/energoterm.konin24.pl\/blog\/wp-json\/wp\/v2\/users\/1"}],"replies":[{"embeddable":true,"href":"https:\/\/energoterm.konin24.pl\/blog\/wp-json\/wp\/v2\/comments?post=863"}],"version-history":[{"count":88,"href":"https:\/\/energoterm.konin24.pl\/blog\/wp-json\/wp\/v2\/pages\/863\/revisions"}],"predecessor-version":[{"id":2388,"href":"https:\/\/energoterm.konin24.pl\/blog\/wp-json\/wp\/v2\/pages\/863\/revisions\/2388"}],"wp:attachment":[{"href":"https:\/\/energoterm.konin24.pl\/blog\/wp-json\/wp\/v2\/media?parent=863"}],"curies":[{"name":"wp","href":"https:\/\/api.w.org\/{rel}","templated":true}]}}